{"id":2,"date":"2026-01-05T05:56:37","date_gmt":"2026-01-05T05:56:37","guid":{"rendered":"http:\/\/peptidesexpert.net\/?page_id=2"},"modified":"2026-01-05T05:56:37","modified_gmt":"2026-01-05T05:56:37","slug":"mintaoldal","status":"publish","type":"page","link":"http:\/\/peptidesexpert.net\/hu\/mintaoldal\/","title":{"rendered":"Mintaoldal"},"content":{"rendered":"<p>Ez egy p\u00e9ldaoldal. Az\u00e9rt m\u00e1s, mint egy blogbejegyz\u00e9s, mert egy helyen marad, \u00e9s megjelenik a webhely navig\u00e1ci\u00f3j\u00e1ban (a legt\u00f6bb t\u00e9m\u00e1ban). A legt\u00f6bb ember egy R\u00f3lunk-oldalral kezdi, amely bemutatja \u0151ket a webhely potenci\u00e1lis l\u00e1togat\u00f3inak. Valami ilyesmi \u00e1llhat rajta:<\/p>\n\n\n\n<blockquote class=\"wp-block-quote is-layout-flow wp-block-quote-is-layout-flow\">\n\n<p>Sziasztok! Nappal biciklis fut\u00e1r vagyok, \u00e9jjel sz\u00edn\u00e9sznek k\u00e9sz\u00fcl\u00f6k, \u00e9s ez az \u00e9n weboldalam. Los Angelesben \u00e9lek, van egy nagyszer\u0171 kuty\u00e1m, Jack, \u00e9s szeretem a pi\u00f1a colad\u00e1t. (\u00c9s azt, hogy elkap az es\u0151.)<\/p>\n\n<\/blockquote>\n\n\n\n<p>...vagy valami ilyesmi:<\/p>\n\n\n\n<blockquote class=\"wp-block-quote is-layout-flow wp-block-quote-is-layout-flow\">\n\n<p>Az XYZ Doohickey Company-t 1971-ben alap\u00edtott\u00e1k, \u00e9s az\u00f3ta is min\u0151s\u00e9gi doohickey-ket k\u00edn\u00e1l a nagyk\u00f6z\u00f6ns\u00e9gnek. A Gotham Cityben tal\u00e1lhat\u00f3 XYZ t\u00f6bb mint 2000 embert foglalkoztat, \u00e9s mindenf\u00e9le fantasztikus dolgot tesz a gothami k\u00f6z\u00f6ss\u00e9g\u00e9rt.<\/p>\n\n<\/blockquote>\n\n\n\n<p>\u00daj WordPress felhaszn\u00e1l\u00f3k\u00e9nt a k\u00f6vetkez\u0151 c\u00edmre kell menned <a href=\"http:\/\/peptidesexpert.net\/wp-admin\/\">az \u00d6n m\u0171szerfala<\/a> hogy t\u00f6r\u00f6lje ezt az oldalt, \u00e9s \u00faj oldalakat hozzon l\u00e9tre a tartalom sz\u00e1m\u00e1ra. J\u00f3 sz\u00f3rakoz\u00e1st!<\/p>","protected":false},"excerpt":{"rendered":"<p>This is an example page. It&#8217;s different from a blog post because it will stay in one place and will [&hellip;]<\/p>","protected":false},"author":1,"featured_media":0,"parent":0,"menu_order":0,"comment_status":"closed","ping_status":"open","template":"","meta":{"site-sidebar-layout":"default","site-content-layout":"","ast-site-content-layout":"default","site-content-style":"default","site-sidebar-style":"default","ast-global-header-display":"","ast-banner-title-visibility":"","ast-main-header-display":"","ast-hfb-above-header-display":"","ast-hfb-below-header-display":"","ast-hfb-mobile-header-display":"","site-post-title":"","ast-breadcrumbs-content":"","ast-featured-img":"","footer-sml-layout":"","ast-disable-related-posts":"","theme-transparent-header-meta":"","adv-header-id-meta":"","stick-header-meta":"","header-above-stick-meta":"","header-main-stick-meta":"","header-below-stick-meta":"","astra-migrate-meta-layouts":"default","ast-page-background-enabled":"default","ast-page-background-meta":{"desktop":{"background-color":"var(--ast-global-color-5)","background-image":"","background-repeat":"repeat","background-position":"center center","background-size":"auto","background-attachment":"scroll","background-type":"","background-media":"","overlay-type":"","overlay-color":"","overlay-opacity":"","overlay-gradient":""},"tablet":{"background-color":"","background-image":"","background-repeat":"repeat","background-position":"center center","background-size":"auto","background-attachment":"scroll","background-type":"","background-media":"","overlay-type":"","overlay-color":"","overlay-opacity":"","overlay-gradient":""},"mobile":{"background-color":"","background-image":"","background-repeat":"repeat","background-position":"center center","background-size":"auto","background-attachment":"scroll","background-type":"","background-media":"","overlay-type":"","overlay-color":"","overlay-opacity":"","overlay-gradient":""}},"ast-content-background-meta":{"desktop":{"background-color":"var(--ast-global-color-4)","background-image":"","background-repeat":"repeat","background-position":"center center","background-size":"auto","background-attachment":"scroll","background-type":"","background-media":"","overlay-type":"","overlay-color":"","overlay-opacity":"","overlay-gradient":""},"tablet":{"background-color":"var(--ast-global-color-4)","background-image":"","background-repeat":"repeat","background-position":"center center","background-size":"auto","background-attachment":"scroll","background-type":"","background-media":"","overlay-type":"","overlay-color":"","overlay-opacity":"","overlay-gradient":""},"mobile":{"background-color":"var(--ast-global-color-4)","background-image":"","background-repeat":"repeat","background-position":"center center","background-size":"auto","background-attachment":"scroll","background-type":"","background-media":"","overlay-type":"","overlay-color":"","overlay-opacity":"","overlay-gradient":""}},"footnotes":""},"class_list":["post-2","page","type-page","status-publish","hentry"],"aioseo_notices":[],"_links":{"self":[{"href":"http:\/\/peptidesexpert.net\/hu\/wp-json\/wp\/v2\/pages\/2","targetHints":{"allow":["GET"]}}],"collection":[{"href":"http:\/\/peptidesexpert.net\/hu\/wp-json\/wp\/v2\/pages"}],"about":[{"href":"http:\/\/peptidesexpert.net\/hu\/wp-json\/wp\/v2\/types\/page"}],"author":[{"embeddable":true,"href":"http:\/\/peptidesexpert.net\/hu\/wp-json\/wp\/v2\/users\/1"}],"replies":[{"embeddable":true,"href":"http:\/\/peptidesexpert.net\/hu\/wp-json\/wp\/v2\/comments?post=2"}],"version-history":[{"count":0,"href":"http:\/\/peptidesexpert.net\/hu\/wp-json\/wp\/v2\/pages\/2\/revisions"}],"wp:attachment":[{"href":"http:\/\/peptidesexpert.net\/hu\/wp-json\/wp\/v2\/media?parent=2"}],"curies":[{"name":"wp","href":"https:\/\/api.w.org\/{rel}","templated":true}]}}