{"id":2,"date":"2026-01-05T05:56:37","date_gmt":"2026-01-05T05:56:37","guid":{"rendered":"http:\/\/peptidesexpert.net\/?page_id=2"},"modified":"2026-01-05T05:56:37","modified_gmt":"2026-01-05T05:56:37","slug":"naytesivu","status":"publish","type":"page","link":"http:\/\/peptidesexpert.net\/fi\/naytesivu\/","title":{"rendered":"Esimerkkisivu"},"content":{"rendered":"<p>T\u00e4m\u00e4 on esimerkkisivu. Se eroaa blogikirjoituksesta, koska se pysyy yhdess\u00e4 paikassa ja n\u00e4kyy sivuston navigoinnissa (useimmissa teemoissa). Useimmat ihmiset aloittavat Tietoja-sivulla, joka esittelee heid\u00e4t mahdollisille sivustovierailijoille. Se voi kuulua esimerkiksi n\u00e4in:<\/p>\n\n\n\n<blockquote class=\"wp-block-quote is-layout-flow wp-block-quote-is-layout-flow\">\n\n<p>Hei! Olen py\u00f6r\u00e4l\u00e4hetti p\u00e4ivisin, pyrkiv\u00e4 n\u00e4yttelij\u00e4 \u00f6isin, ja t\u00e4m\u00e4 on minun verkkosivustoni. Asun Los Angelesissa, minulla on mahtava koira nimelt\u00e4 Jack ja pid\u00e4n pi\u00f1a coladoista. (Ja sateeseen j\u00e4\u00e4misest\u00e4.)<\/p>\n\n<\/blockquote>\n\n\n\n<p>...tai jotain t\u00e4llaista:<\/p>\n\n\n\n<blockquote class=\"wp-block-quote is-layout-flow wp-block-quote-is-layout-flow\">\n\n<p>XYZ Doohickey Company perustettiin vuonna 1971, ja se on siit\u00e4 l\u00e4htien tarjonnut yleis\u00f6lle laadukkaita doohickeyj\u00e4. Gotham Cityss\u00e4 sijaitseva XYZ ty\u00f6llist\u00e4\u00e4 yli 2 000 ihmist\u00e4 ja tekee kaikenlaisia mahtavia asioita Gotham-yhteis\u00f6n hyv\u00e4ksi.<\/p>\n\n<\/blockquote>\n\n\n\n<p>Uutena WordPress-k\u00e4ytt\u00e4j\u00e4n\u00e4 sinun pit\u00e4isi menn\u00e4 osoitteeseen <a href=\"http:\/\/peptidesexpert.net\/wp-admin\/\">kojelautasi<\/a> voit poistaa t\u00e4m\u00e4n sivun ja luoda uusia sivuja sis\u00e4ll\u00f6llesi. Pid\u00e4 hauskaa!<\/p>","protected":false},"excerpt":{"rendered":"<p>This is an example page. It&#8217;s different from a blog post because it will stay in one place and will [&hellip;]<\/p>","protected":false},"author":1,"featured_media":0,"parent":0,"menu_order":0,"comment_status":"closed","ping_status":"open","template":"","meta":{"site-sidebar-layout":"default","site-content-layout":"","ast-site-content-layout":"default","site-content-style":"default","site-sidebar-style":"default","ast-global-header-display":"","ast-banner-title-visibility":"","ast-main-header-display":"","ast-hfb-above-header-display":"","ast-hfb-below-header-display":"","ast-hfb-mobile-header-display":"","site-post-title":"","ast-breadcrumbs-content":"","ast-featured-img":"","footer-sml-layout":"","ast-disable-related-posts":"","theme-transparent-header-meta":"","adv-header-id-meta":"","stick-header-meta":"","header-above-stick-meta":"","header-main-stick-meta":"","header-below-stick-meta":"","astra-migrate-meta-layouts":"default","ast-page-background-enabled":"default","ast-page-background-meta":{"desktop":{"background-color":"var(--ast-global-color-5)","background-image":"","background-repeat":"repeat","background-position":"center center","background-size":"auto","background-attachment":"scroll","background-type":"","background-media":"","overlay-type":"","overlay-color":"","overlay-opacity":"","overlay-gradient":""},"tablet":{"background-color":"","background-image":"","background-repeat":"repeat","background-position":"center center","background-size":"auto","background-attachment":"scroll","background-type":"","background-media":"","overlay-type":"","overlay-color":"","overlay-opacity":"","overlay-gradient":""},"mobile":{"background-color":"","background-image":"","background-repeat":"repeat","background-position":"center center","background-size":"auto","background-attachment":"scroll","background-type":"","background-media":"","overlay-type":"","overlay-color":"","overlay-opacity":"","overlay-gradient":""}},"ast-content-background-meta":{"desktop":{"background-color":"var(--ast-global-color-4)","background-image":"","background-repeat":"repeat","background-position":"center center","background-size":"auto","background-attachment":"scroll","background-type":"","background-media":"","overlay-type":"","overlay-color":"","overlay-opacity":"","overlay-gradient":""},"tablet":{"background-color":"var(--ast-global-color-4)","background-image":"","background-repeat":"repeat","background-position":"center center","background-size":"auto","background-attachment":"scroll","background-type":"","background-media":"","overlay-type":"","overlay-color":"","overlay-opacity":"","overlay-gradient":""},"mobile":{"background-color":"var(--ast-global-color-4)","background-image":"","background-repeat":"repeat","background-position":"center center","background-size":"auto","background-attachment":"scroll","background-type":"","background-media":"","overlay-type":"","overlay-color":"","overlay-opacity":"","overlay-gradient":""}},"footnotes":""},"class_list":["post-2","page","type-page","status-publish","hentry"],"aioseo_notices":[],"_links":{"self":[{"href":"http:\/\/peptidesexpert.net\/fi\/wp-json\/wp\/v2\/pages\/2","targetHints":{"allow":["GET"]}}],"collection":[{"href":"http:\/\/peptidesexpert.net\/fi\/wp-json\/wp\/v2\/pages"}],"about":[{"href":"http:\/\/peptidesexpert.net\/fi\/wp-json\/wp\/v2\/types\/page"}],"author":[{"embeddable":true,"href":"http:\/\/peptidesexpert.net\/fi\/wp-json\/wp\/v2\/users\/1"}],"replies":[{"embeddable":true,"href":"http:\/\/peptidesexpert.net\/fi\/wp-json\/wp\/v2\/comments?post=2"}],"version-history":[{"count":0,"href":"http:\/\/peptidesexpert.net\/fi\/wp-json\/wp\/v2\/pages\/2\/revisions"}],"wp:attachment":[{"href":"http:\/\/peptidesexpert.net\/fi\/wp-json\/wp\/v2\/media?parent=2"}],"curies":[{"name":"wp","href":"https:\/\/api.w.org\/{rel}","templated":true}]}}