{"id":2,"date":"2026-01-05T05:56:37","date_gmt":"2026-01-05T05:56:37","guid":{"rendered":"http:\/\/peptidesexpert.net\/?page_id=2"},"modified":"2026-01-05T05:56:37","modified_gmt":"2026-01-05T05:56:37","slug":"primjer-stranice","status":"publish","type":"page","link":"http:\/\/peptidesexpert.net\/bs\/primjer-stranice\/","title":{"rendered":"Primjer stranice"},"content":{"rendered":"<p>Ovo je primjer stranice. Razlikuje se od objave na blogu jer \u0107e ostati na jednom mjestu i pojavit \u0107e se u navigaciji va\u0161e stranice (u ve\u0107ini tema). Ve\u0107ina ljudi po\u010dinje stranicom \"O meni\" koja ih predstavlja potencijalnim posjetiteljima stranice. Mogla bi glasiti otprilike ovako:<\/p>\n\n\n\n<blockquote class=\"wp-block-quote is-layout-flow wp-block-quote-is-layout-flow\">\n\n<p>Zdravo! Danju sam biciklisti\u010dki dostavlja\u010d, a no\u0107u ambiciozni glumac, i ovo je moja web stranica. \u017divim u Los Angelesu, imam sjajnog psa po imenu Jack i volim pi\u00f1a colade. (I da me uhvati ki\u0161a.)<\/p>\n\n<\/blockquote>\n\n\n\n<p>\u2026ili ne\u0161to sli\u010dno ovome:<\/p>\n\n\n\n<blockquote class=\"wp-block-quote is-layout-flow wp-block-quote-is-layout-flow\">\n\n<p>Kompanija XYZ Doohickey osnovana je 1971. godine i od tada pru\u017ea kvalitetne doohickeys javnosti. Smje\u0161tena u Gotham Cityju, XYZ zapo\u0161ljava vi\u0161e od 2.000 ljudi i radi sve vrste sjajnih stvari za zajednicu Gothama.<\/p>\n\n<\/blockquote>\n\n\n\n<p>Kao novi korisnik WordPressa, trebali biste oti\u0107i na <a href=\"http:\/\/peptidesexpert.net\/wp-admin\/\">va\u0161a instrument tabla<\/a> izbrisati ovu stranicu i kreirati nove stranice za va\u0161 sadr\u017eaj. Zabavite se!<\/p>","protected":false},"excerpt":{"rendered":"<p>Ovo je primjer stranice. Razlikuje se od objave na blogu jer \u0107e ostati na jednom mjestu i [\u2026]<\/p>","protected":false},"author":1,"featured_media":0,"parent":0,"menu_order":0,"comment_status":"closed","ping_status":"open","template":"","meta":{"site-sidebar-layout":"default","site-content-layout":"","ast-site-content-layout":"default","site-content-style":"default","site-sidebar-style":"default","ast-global-header-display":"","ast-banner-title-visibility":"","ast-main-header-display":"","ast-hfb-above-header-display":"","ast-hfb-below-header-display":"","ast-hfb-mobile-header-display":"","site-post-title":"","ast-breadcrumbs-content":"","ast-featured-img":"","footer-sml-layout":"","ast-disable-related-posts":"","theme-transparent-header-meta":"","adv-header-id-meta":"","stick-header-meta":"","header-above-stick-meta":"","header-main-stick-meta":"","header-below-stick-meta":"","astra-migrate-meta-layouts":"default","ast-page-background-enabled":"default","ast-page-background-meta":{"desktop":{"background-color":"var(--ast-global-color-5)","background-image":"","background-repeat":"repeat","background-position":"center center","background-size":"auto","background-attachment":"scroll","background-type":"","background-media":"","overlay-type":"","overlay-color":"","overlay-opacity":"","overlay-gradient":""},"tablet":{"background-color":"","background-image":"","background-repeat":"repeat","background-position":"center center","background-size":"auto","background-attachment":"scroll","background-type":"","background-media":"","overlay-type":"","overlay-color":"","overlay-opacity":"","overlay-gradient":""},"mobile":{"background-color":"","background-image":"","background-repeat":"repeat","background-position":"center center","background-size":"auto","background-attachment":"scroll","background-type":"","background-media":"","overlay-type":"","overlay-color":"","overlay-opacity":"","overlay-gradient":""}},"ast-content-background-meta":{"desktop":{"background-color":"var(--ast-global-color-4)","background-image":"","background-repeat":"repeat","background-position":"center center","background-size":"auto","background-attachment":"scroll","background-type":"","background-media":"","overlay-type":"","overlay-color":"","overlay-opacity":"","overlay-gradient":""},"tablet":{"background-color":"var(--ast-global-color-4)","background-image":"","background-repeat":"repeat","background-position":"center center","background-size":"auto","background-attachment":"scroll","background-type":"","background-media":"","overlay-type":"","overlay-color":"","overlay-opacity":"","overlay-gradient":""},"mobile":{"background-color":"var(--ast-global-color-4)","background-image":"","background-repeat":"repeat","background-position":"center center","background-size":"auto","background-attachment":"scroll","background-type":"","background-media":"","overlay-type":"","overlay-color":"","overlay-opacity":"","overlay-gradient":""}},"footnotes":""},"class_list":["post-2","page","type-page","status-publish","hentry"],"aioseo_notices":[],"_links":{"self":[{"href":"http:\/\/peptidesexpert.net\/bs\/wp-json\/wp\/v2\/pages\/2","targetHints":{"allow":["GET"]}}],"collection":[{"href":"http:\/\/peptidesexpert.net\/bs\/wp-json\/wp\/v2\/pages"}],"about":[{"href":"http:\/\/peptidesexpert.net\/bs\/wp-json\/wp\/v2\/types\/page"}],"author":[{"embeddable":true,"href":"http:\/\/peptidesexpert.net\/bs\/wp-json\/wp\/v2\/users\/1"}],"replies":[{"embeddable":true,"href":"http:\/\/peptidesexpert.net\/bs\/wp-json\/wp\/v2\/comments?post=2"}],"version-history":[{"count":0,"href":"http:\/\/peptidesexpert.net\/bs\/wp-json\/wp\/v2\/pages\/2\/revisions"}],"wp:attachment":[{"href":"http:\/\/peptidesexpert.net\/bs\/wp-json\/wp\/v2\/media?parent=2"}],"curies":[{"name":"wp","href":"https:\/\/api.w.org\/{rel}","templated":true}]}}