{"id":2,"date":"2026-01-05T05:56:37","date_gmt":"2026-01-05T05:56:37","guid":{"rendered":"http:\/\/peptidesexpert.net\/?page_id=2"},"modified":"2026-01-05T05:56:37","modified_gmt":"2026-01-05T05:56:37","slug":"numun%c9%99-s%c9%99hif%c9%99","status":"publish","type":"page","link":"http:\/\/peptidesexpert.net\/az\/numun%c9%99-s%c9%99hif%c9%99\/","title":{"rendered":"N\u00fcmun\u0259 s\u0259hif\u0259"},"content":{"rendered":"<p>Bu n\u00fcmun\u0259 s\u0259hif\u0259sidir. Bu, bloq yaz\u0131s\u0131ndan f\u0259rqlidir, \u00e7\u00fcnki o, eyni yerd\u0259 qalacaq v\u0259 sayt\u0131n\u0131z\u0131n naviqasiyas\u0131nda (\u0259ks\u0259r m\u00f6vzularda) g\u00f6r\u00fcn\u0259c\u0259k. \u018fks\u0259r insanlar potensial sayt ziyar\u0259t\u00e7il\u0259rin\u0259 \u00f6zl\u0259rini t\u0259qdim ed\u0259n \"Haqq\u0131mda\" s\u0259hif\u0259si il\u0259 ba\u015flay\u0131rlar. Orada bel\u0259 bir m\u0259tn ola bil\u0259r:<\/p>\n\n\n\n<blockquote class=\"wp-block-quote is-layout-flow wp-block-quote-is-layout-flow\">\n\n<p>Salam! M\u0259n g\u00fcnd\u00fcz velosiped kuryeriy\u0259m, gec\u0259 is\u0259 aspirant aktyoram v\u0259 bu m\u0259nim vebsayt\u0131md\u0131r. Los-Ancelesd\u0259 ya\u015fay\u0131ram, Jack adl\u0131 \u0259la itim var v\u0259 pi\u00f1a koladalar\u0131 sevir\u0259m. (V\u0259 ya\u011f\u0131\u015fda islanmaq.)<\/p>\n\n<\/blockquote>\n\n\n\n<p>\u2026v\u0259 ya buna b\u0259nz\u0259r bir \u015fey:<\/p>\n\n\n\n<blockquote class=\"wp-block-quote is-layout-flow wp-block-quote-is-layout-flow\">\n\n<p>XYZ Doohickey \u015eirk\u0259ti 1971-ci ild\u0259 t\u0259sis edilib v\u0259 o vaxtdan b\u0259ri ictimaiyy\u0259t\u0259 keyfiyy\u0259tli doohickeys t\u0259qdim edir. Gotham \u015f\u0259h\u0259rind\u0259 yerl\u0259\u015f\u0259n XYZ 2,000-d\u0259n \u00e7ox insan\u0131 i\u015fl\u0259 t\u0259min edir v\u0259 Gotham icmas\u0131 \u00fc\u00e7\u00fcn h\u0259r c\u00fcr m\u00f6ht\u0259\u015f\u0259m i\u015fl\u0259r g\u00f6r\u00fcr.<\/p>\n\n<\/blockquote>\n\n\n\n<p>Yeni WordPress istifad\u0259\u00e7isi olaraq, getm\u0259lisiniz <a href=\"http:\/\/peptidesexpert.net\/wp-admin\/\">sizin idar\u0259 paneli<\/a> Bu s\u0259hif\u0259ni silin v\u0259 m\u0259zmununuz \u00fc\u00e7\u00fcn yeni s\u0259hif\u0259l\u0259r yarad\u0131n. \u018fyl\u0259nin!<\/p>","protected":false},"excerpt":{"rendered":"<p>This is an example page. It&#8217;s different from a blog post because it will stay in one place and will [&hellip;]<\/p>","protected":false},"author":1,"featured_media":0,"parent":0,"menu_order":0,"comment_status":"closed","ping_status":"open","template":"","meta":{"site-sidebar-layout":"default","site-content-layout":"","ast-site-content-layout":"default","site-content-style":"default","site-sidebar-style":"default","ast-global-header-display":"","ast-banner-title-visibility":"","ast-main-header-display":"","ast-hfb-above-header-display":"","ast-hfb-below-header-display":"","ast-hfb-mobile-header-display":"","site-post-title":"","ast-breadcrumbs-content":"","ast-featured-img":"","footer-sml-layout":"","ast-disable-related-posts":"","theme-transparent-header-meta":"","adv-header-id-meta":"","stick-header-meta":"","header-above-stick-meta":"","header-main-stick-meta":"","header-below-stick-meta":"","astra-migrate-meta-layouts":"default","ast-page-background-enabled":"default","ast-page-background-meta":{"desktop":{"background-color":"var(--ast-global-color-5)","background-image":"","background-repeat":"repeat","background-position":"center center","background-size":"auto","background-attachment":"scroll","background-type":"","background-media":"","overlay-type":"","overlay-color":"","overlay-opacity":"","overlay-gradient":""},"tablet":{"background-color":"","background-image":"","background-repeat":"repeat","background-position":"center center","background-size":"auto","background-attachment":"scroll","background-type":"","background-media":"","overlay-type":"","overlay-color":"","overlay-opacity":"","overlay-gradient":""},"mobile":{"background-color":"","background-image":"","background-repeat":"repeat","background-position":"center center","background-size":"auto","background-attachment":"scroll","background-type":"","background-media":"","overlay-type":"","overlay-color":"","overlay-opacity":"","overlay-gradient":""}},"ast-content-background-meta":{"desktop":{"background-color":"var(--ast-global-color-4)","background-image":"","background-repeat":"repeat","background-position":"center center","background-size":"auto","background-attachment":"scroll","background-type":"","background-media":"","overlay-type":"","overlay-color":"","overlay-opacity":"","overlay-gradient":""},"tablet":{"background-color":"var(--ast-global-color-4)","background-image":"","background-repeat":"repeat","background-position":"center center","background-size":"auto","background-attachment":"scroll","background-type":"","background-media":"","overlay-type":"","overlay-color":"","overlay-opacity":"","overlay-gradient":""},"mobile":{"background-color":"var(--ast-global-color-4)","background-image":"","background-repeat":"repeat","background-position":"center center","background-size":"auto","background-attachment":"scroll","background-type":"","background-media":"","overlay-type":"","overlay-color":"","overlay-opacity":"","overlay-gradient":""}},"footnotes":""},"class_list":["post-2","page","type-page","status-publish","hentry"],"aioseo_notices":[],"_links":{"self":[{"href":"http:\/\/peptidesexpert.net\/az\/wp-json\/wp\/v2\/pages\/2","targetHints":{"allow":["GET"]}}],"collection":[{"href":"http:\/\/peptidesexpert.net\/az\/wp-json\/wp\/v2\/pages"}],"about":[{"href":"http:\/\/peptidesexpert.net\/az\/wp-json\/wp\/v2\/types\/page"}],"author":[{"embeddable":true,"href":"http:\/\/peptidesexpert.net\/az\/wp-json\/wp\/v2\/users\/1"}],"replies":[{"embeddable":true,"href":"http:\/\/peptidesexpert.net\/az\/wp-json\/wp\/v2\/comments?post=2"}],"version-history":[{"count":0,"href":"http:\/\/peptidesexpert.net\/az\/wp-json\/wp\/v2\/pages\/2\/revisions"}],"wp:attachment":[{"href":"http:\/\/peptidesexpert.net\/az\/wp-json\/wp\/v2\/media?parent=2"}],"curies":[{"name":"wp","href":"https:\/\/api.w.org\/{rel}","templated":true}]}}